{"id":102,"date":"2026-04-21T08:56:39","date_gmt":"2026-04-21T08:56:39","guid":{"rendered":"https:\/\/shafak.fr\/?page_id=102"},"modified":"2026-04-27T10:34:08","modified_gmt":"2026-04-27T10:34:08","slug":"a-propos","status":"publish","type":"page","link":"https:\/\/shafak.fr\/?page_id=102","title":{"rendered":"A propos"},"content":{"rendered":"\n<div style=\"height:37px\" aria-hidden=\"true\" class=\"wp-block-spacer\"><\/div>\n\n\n\n<div class=\"wp-block-cover has-custom-content-position is-position-bottom-center\"><img fetchpriority=\"high\" decoding=\"async\" width=\"1024\" height=\"681\" class=\"wp-block-cover__image-background wp-image-291 size-large\" alt=\"\" src=\"https:\/\/shafak.fr\/wp-content\/uploads\/2026\/04\/LE-LOUP-Luca-Del-Pia-1024x681.jpg\" style=\"object-position:73% 47%\" data-object-fit=\"cover\" data-object-position=\"73% 47%\" srcset=\"https:\/\/shafak.fr\/wp-content\/uploads\/2026\/04\/LE-LOUP-Luca-Del-Pia-1024x681.jpg 1024w, https:\/\/shafak.fr\/wp-content\/uploads\/2026\/04\/LE-LOUP-Luca-Del-Pia-300x199.jpg 300w, https:\/\/shafak.fr\/wp-content\/uploads\/2026\/04\/LE-LOUP-Luca-Del-Pia-768x511.jpg 768w, https:\/\/shafak.fr\/wp-content\/uploads\/2026\/04\/LE-LOUP-Luca-Del-Pia-1536x1021.jpg 1536w, https:\/\/shafak.fr\/wp-content\/uploads\/2026\/04\/LE-LOUP-Luca-Del-Pia-2048x1362.jpg 2048w\" sizes=\"(max-width: 1024px) 100vw, 1024px\" \/><span aria-hidden=\"true\" class=\"wp-block-cover__background has-background-dim\" style=\"background-color:#1a0d08\"><\/span><div class=\"wp-block-cover__inner-container is-layout-constrained wp-block-cover-is-layout-constrained\">\n<p class=\"has-text-align-center has-large-font-size\"><\/p>\n<\/div><\/div>\n\n\n\n<div style=\"height:41px\" aria-hidden=\"true\" class=\"wp-block-spacer\"><\/div>\n\n\n\n<h2 class=\"wp-block-heading has-text-align-center\">La Compagnie Shafak<\/h2>\n\n\n\n<div style=\"height:59px\" aria-hidden=\"true\" class=\"wp-block-spacer\"><\/div>\n\n\n\n<blockquote class=\"wp-block-quote is-layout-flow wp-block-quote-is-layout-flow\">\n<p><span class=\"has-superb-addons-text-align-justify\">Fond\u00e9e en 2017 \u00e0 Lyon, la Compagnie Shafak d\u00e9veloppe des projets de cr\u00e9ation, de production et de diffusion chor\u00e9graphiques et performatifs port\u00e9s par les artistes Larbi Namouchi et Margot Libanga.<\/span><\/p>\n\n\n\n<p><span class=\"has-superb-addons-text-align-justify\"><em>Shafak<\/em>, qui signifie \u00ab cr\u00e9puscule \u00bb en arabe, \u00e9voque un \u00e9tat de transition, un moment suspendu entre deux lumi\u00e8res \u2014 une notion qui traverse l\u2019ensemble des d\u00e9marches artistiques de la compagnie. \u00c0 la crois\u00e9e de la danse contemporaine, de la performance et de la recherche corporelle, Shafak explore le corps comme espace de passage, de transformation et de perception. Ses \u0153uvres interrogent la relation entre mouvement, espace et regard, qu\u2019il s\u2019agisse de plateaux sc\u00e9niques ou d\u2019espaces publics non d\u00e9di\u00e9s, et s\u2019inscrivent dans une attention constante au monde contemporain et \u00e0 ses mutations.<\/span><\/p>\n\n\n\n<p><span class=\"has-superb-addons-text-align-justify\">La d\u00e9marche de la compagnie se caract\u00e9rise par une \u00e9criture du mouvement \u00e0 la fois physique, sensible et po\u00e9tique, nourrie par l\u2019interdisciplinarit\u00e9 et le dialogue avec des contextes culturels et territoriaux vari\u00e9s.<\/span><\/p>\n\n\n\n<p><span class=\"has-superb-addons-text-align-justify\">Shafak d\u00e9veloppe des processus de cr\u00e9ation ouverts, o\u00f9 la transmission, la participation et la rencontre avec les publics occupent une place centrale. Engag\u00e9e dans une dynamique de cr\u00e9ation vivante et mobile, la Compagnie Shafak d\u00e9fend des formes chor\u00e9graphiques accessibles et exigeantes, favorisant la circulation des \u0153uvres et des artistes \u00e0 l\u2019\u00e9chelle nationale et internationale, tout en affirmant un fort ancrage territorial.<\/span><\/p>\n<\/blockquote>\n\n\n\n<div style=\"height:100px\" aria-hidden=\"true\" class=\"wp-block-spacer\"><\/div>\n\n\n\n<div class=\"wp-block-columns has-background is-layout-flex wp-container-core-columns-is-layout-9d6595d7 wp-block-columns-is-layout-flex\" style=\"background-color:#f7fafc4d\">\n<div class=\"wp-block-column is-layout-flow wp-block-column-is-layout-flow\"><div class=\"wp-block-image wp-duotone-grayscale\">\n<figure class=\"aligncenter size-full\"><img decoding=\"async\" width=\"490\" height=\"368\" src=\"https:\/\/shafak.fr\/wp-content\/uploads\/2026\/04\/IMG-20220523-WA0000-edited-3.jpg\" alt=\"\" class=\"wp-image-385\" srcset=\"https:\/\/shafak.fr\/wp-content\/uploads\/2026\/04\/IMG-20220523-WA0000-edited-3.jpg 490w, https:\/\/shafak.fr\/wp-content\/uploads\/2026\/04\/IMG-20220523-WA0000-edited-3-300x225.jpg 300w\" sizes=\"(max-width: 490px) 100vw, 490px\" \/><\/figure>\n<\/div>\n\n\n<div style=\"height:14px\" aria-hidden=\"true\" class=\"wp-block-spacer\"><\/div>\n\n\n\n<div class=\"wp-block-group\"><div class=\"wp-block-group__inner-container is-layout-constrained wp-block-group-is-layout-constrained\">\n<h2 class=\"wp-block-heading has-text-align-center\">Larbi Namouchi<\/h2>\n\n\n\n<details class=\"wp-block-details is-layout-flow wp-block-details-is-layout-flow\"><summary><em>Biographie<\/em><\/summary>\n<p><br>N\u00e9 \u00e0 Tunis, Larbi Namouchi grandit dans un territoire de gestes, de rythmes et de croyances. Tr\u00e8s t\u00f4t, le corps devient pour lui un espace de jeu, de r\u00e9sistance et de r\u00e9v\u00e9lation. Entre le cirque, les arts martiaux, les danses hip-hop, traditionnelles et soufies, il d\u00e9veloppe une \u00e9coute sensible du mouvement, o\u00f9 l\u2019\u00e9lan physique rejoint l\u2019\u00e9lan int\u00e9rieur.<br><br>La rencontre avec la danse contemporaine ouvre un champ d\u2019exploration plus vaste : celui d\u2019un corps travers\u00e9 par le temps, la m\u00e9moire et l\u2019invisible. <br><br><span class=\"has-superb-addons-text-align-justify\">Form\u00e9 \u00e0 Paris puis guid\u00e9 par un chemin largement autodidacte, Larbi Namouchi construit une \u00e9criture chor\u00e9graphique singuli\u00e8re, nourrie par l\u2019exp\u00e9rience, l\u2019observation et une recherche continue sur les \u00e9tats du corps.<br>Son parcours se tisse \u00e0 travers de nombreuses rencontres et collaborations avec des chor\u00e9graphes et artistes aux esth\u00e9tiques et pratiques multiples, tels que Yann Lheureux, Fabienne Berger, Boris Charmatz, Beno\u00eet Lachambre, Julie Portonguen, Sandra Martinez Dahou, Omar Ghayatt, ainsi qu\u2019avec des structures et compagnies comme Chatha et la Compagnie La Baraka. Ces \u00e9changes enrichissent sa d\u00e9marche et affinent un langage corporel en constante mutation.<\/span><br><span class=\"has-superb-addons-text-align-justify\"><br>Sa danse se d\u00e9ploie \u00e0 la fronti\u00e8re de l\u2019instinct et du spirituel. Elle s\u2019inscrit dans un dialogue continu avec l\u2019espace, les \u00e9l\u00e9ments vivants et les environnements qu\u2019il traverse. Le corps n\u2019y est jamais un objet, mais une pr\u00e9sence : un lieu de passage, un rituel en transformation, une manifestation de l\u2019existence.<br>\u00c0 travers ses cr\u00e9ations et ses collaborations, il explore la performance comme un acte de reliance \u2014 entre soi et l\u2019autre, entre le visible et l\u2019invisible, entre l\u2019intime et le collectif. Sa recherche vise \u00e0 faire \u00e9merger des \u00e9tats expressifs toujours renouvel\u00e9s, o\u00f9 le mouvement devient langage, souffle et m\u00e9moire en action.<br>Avec la Compagnie Shafak, fond\u00e9e en 2017, Larbi Namouchi d\u00e9veloppe un travail chor\u00e9graphique et performatif profond\u00e9ment engag\u00e9 dans l\u2019exp\u00e9rimentation, ouvrant des espaces de rencontre o\u00f9 le corps, le temps et la pr\u00e9sence s\u2019\u00e9crivent ensemble.<\/span><\/p>\n<\/details>\n<\/div><\/div>\n<\/div>\n\n\n\n<div class=\"wp-block-column is-layout-flow wp-block-column-is-layout-flow\"><div class=\"wp-block-image\">\n<figure class=\"aligncenter size-large is-resized\"><img decoding=\"async\" width=\"2560\" height=\"1707\" src=\"https:\/\/shafak.fr\/wp-content\/uploads\/2026\/04\/Margot_edited-35-edited-4-scaled.jpg\" alt=\"\" class=\"wp-image-401\" style=\"aspect-ratio:1.4992841959134093;object-fit:cover;width:560px;height:auto\" srcset=\"https:\/\/shafak.fr\/wp-content\/uploads\/2026\/04\/Margot_edited-35-edited-4-scaled.jpg 2560w, https:\/\/shafak.fr\/wp-content\/uploads\/2026\/04\/Margot_edited-35-edited-4-300x200.jpg 300w, https:\/\/shafak.fr\/wp-content\/uploads\/2026\/04\/Margot_edited-35-edited-4-1024x683.jpg 1024w, https:\/\/shafak.fr\/wp-content\/uploads\/2026\/04\/Margot_edited-35-edited-4-768x512.jpg 768w, https:\/\/shafak.fr\/wp-content\/uploads\/2026\/04\/Margot_edited-35-edited-4-1536x1024.jpg 1536w, https:\/\/shafak.fr\/wp-content\/uploads\/2026\/04\/Margot_edited-35-edited-4-2048x1366.jpg 2048w\" sizes=\"(max-width: 2560px) 100vw, 2560px\" \/><\/figure>\n<\/div>\n\n\n<h2 class=\"wp-block-heading has-text-align-center\">Margot Libanga<\/h2>\n\n\n\n<details class=\"wp-block-details is-layout-flow wp-block-details-is-layout-flow\"><summary><em>Biographie<\/em><\/summary>\n<p><br>Margot Libanga est une artiste pluridisciplinaire, danseuse, chor\u00e9graphe, autrice-compositrice, chanteuse et conceptrice. <\/p>\n\n\n\n<p>Sa recherche s\u2019articule autour du corps envisag\u00e9 comme instrument premier et sacr\u00e9, au croisement de l\u2019\u00e9criture chor\u00e9graphique, de la composition musicale et de l\u2019engagement social. Elle consid\u00e8re l\u2019art comme un espace de transformation, au service d\u2019une sant\u00e9 sociale sensible et collective.<\/p>\n\n\n\n<p><span class=\"has-superb-addons-text-align-justify\">Entre 2012 et 2019, elle construit son parcours \u00e0 Berlin, o\u00f9 elle affine son langage artistique. En 2018, elle initie sa premi\u00e8re exp\u00e9rience chor\u00e9graphique en cofondant la TiN Dance Company avec Svetlana Hofmann et Sara Nill, dans le cadre de la cr\u00e9ation <em>limited perspectives<\/em>. Entre 2017 et 2019, elle travaille comme interpr\u00e8te aupr\u00e8s des chor\u00e9graphes Hoyoung Im, Anna Anderegg et Franka Marlene Foth, tout en d\u00e9veloppant un projet musical personnel sous le nom de M\u00e2da, avec lequel elle compose et enregistre ses premiers titres.<\/span><\/p>\n\n\n\n<p><span class=\"has-superb-addons-text-align-justify\">Elle poursuit ensuite son parcours d\u2019interpr\u00e8te au sein de la Compagnie La Baraka de 2019 \u00e0 2022, puis rejoint la Compagnie Shafak \u00e0 Lyon en 2020, aux c\u00f4t\u00e9s du chor\u00e9graphe Larbi Namouchi. En 2021, elle signe avec <em>TERMS &amp; CONDITIONS<\/em>* sa premi\u00e8re cr\u00e9ation chor\u00e9graphique en tant qu\u2019autrice seule.<\/span><\/p>\n\n\n\n<p><span class=\"has-superb-addons-text-align-justify\">Depuis 2025, install\u00e9e \u00e0 Saint-\u00c9tienne, Margot Libanga d\u00e9veloppe un travail d\u2019\u00e9criture, de composition et de cr\u00e9ation, nourrissant ses futures formes chor\u00e9graphiques, musicales et socio-culturelles.<\/span><\/p>\n<\/details>\n<\/div>\n<\/div>\n\n\n\n<div style=\"height:100px\" aria-hidden=\"true\" class=\"wp-block-spacer\"><\/div>\n\n\n\n<p class=\"has-text-align-right\"><strong>Photos : <\/strong>Larbi : Hassen Bachraoui | Margot : Moritz Wagner<\/p>\n\n\n\n<p><\/p>\n","protected":false},"excerpt":{"rendered":"<p>La Compagnie Shafak Fond\u00e9e en 2017 \u00e0 Lyon, la Compagnie Shafak d\u00e9veloppe des projets de cr\u00e9ation, de production et de diffusion chor\u00e9graphiques et performatifs port\u00e9s par les artistes Larbi Namouchi et Margot Libanga. Shafak, qui signifie \u00ab cr\u00e9puscule \u00bb en arabe, \u00e9voque un \u00e9tat de transition, un moment suspendu entre deux lumi\u00e8res \u2014 une notion&#8230;<\/p>\n","protected":false},"author":1,"featured_media":0,"parent":0,"menu_order":0,"comment_status":"closed","ping_status":"closed","template":"","meta":{"_kad_post_transparent":"","_kad_post_title":"","_kad_post_layout":"","_kad_post_sidebar_id":"","_kad_post_content_style":"","_kad_post_vertical_padding":"","_kad_post_feature":"","_kad_post_feature_position":"","_kad_post_header":false,"_kad_post_footer":false,"_kad_post_classname":"","footnotes":""},"class_list":["post-102","page","type-page","status-publish","hentry"],"aioseo_notices":[],"_hostinger_reach_plugin_has_subscription_block":false,"_hostinger_reach_plugin_is_elementor":false,"_links":{"self":[{"href":"https:\/\/shafak.fr\/index.php?rest_route=\/wp\/v2\/pages\/102","targetHints":{"allow":["GET"]}}],"collection":[{"href":"https:\/\/shafak.fr\/index.php?rest_route=\/wp\/v2\/pages"}],"about":[{"href":"https:\/\/shafak.fr\/index.php?rest_route=\/wp\/v2\/types\/page"}],"author":[{"embeddable":true,"href":"https:\/\/shafak.fr\/index.php?rest_route=\/wp\/v2\/users\/1"}],"replies":[{"embeddable":true,"href":"https:\/\/shafak.fr\/index.php?rest_route=%2Fwp%2Fv2%2Fcomments&post=102"}],"version-history":[{"count":23,"href":"https:\/\/shafak.fr\/index.php?rest_route=\/wp\/v2\/pages\/102\/revisions"}],"predecessor-version":[{"id":416,"href":"https:\/\/shafak.fr\/index.php?rest_route=\/wp\/v2\/pages\/102\/revisions\/416"}],"wp:attachment":[{"href":"https:\/\/shafak.fr\/index.php?rest_route=%2Fwp%2Fv2%2Fmedia&parent=102"}],"curies":[{"name":"wp","href":"https:\/\/api.w.org\/{rel}","templated":true}]}}